{"id":134,"date":"2026-01-26T19:46:51","date_gmt":"2026-01-26T18:46:51","guid":{"rendered":"https:\/\/ridetow.es\/?post_type=product&#038;p=134"},"modified":"2026-02-13T02:09:06","modified_gmt":"2026-02-13T01:09:06","slug":"bateria-36v-10ah-samsung-48x-daly-40a","status":"publish","type":"product","link":"https:\/\/ridetow.es\/?product=bateria-36v-10ah-samsung-48x-daly-40a","title":{"rendered":"Bater\u00eda 36V 10Ah Samsung 48X Daly 40A."},"content":{"rendered":"<p>Bater\u00eda 36V 10Ah de alta calidad, montada con celdas originales Samsung 48X y BMS Daly de 40A, ideal para patinetes el\u00e9ctricos Xiaomi y compatibles. \u2705 Especificaciones: \u2022 Voltaje: 36V \u2022 Capacidad: 10Ah \u2022 Celdas: Samsung 48X (alta descarga y durabilidad) \u2022 BMS: Daly 40A \u2022 Excelente rendimiento y fiabilidad \u2022 Mayor vida \u00fatil que bater\u00edas gen\u00e9ricas \u2705 Compatible con: \u2022 Xiaomi M365 \/ Pro \/ Pro 2 \u2022 Xiaomi 1S \/ Essential \u2022 Otros patinetes 36V (consultar) \ud83d\udd27 Ideal tanto para uso diario como para mejorar rendimiento frente a bater\u00edas de serie. \ud83d\udce6 Producto nuevo<\/p>\n<p>Las bater\u00edas requieren de 2 d\u00edas para su fabricaci\u00f3n una vez completado el pago<\/p>\n","protected":false},"excerpt":{"rendered":"<p>Bater\u00eda 36V 10Ah de alta calidad, montada con celdas originales Samsung 48X y BMS Daly de 40A, ideal para patinetes [&hellip;]<\/p>\n","protected":false},"featured_media":135,"comment_status":"open","ping_status":"closed","template":"","meta":{"site-sidebar-layout":"default","site-content-layout":"","ast-site-content-layout":"default","site-content-style":"default","site-sidebar-style":"default","ast-global-header-display":"","ast-banner-title-visibility":"","ast-main-header-display":"","ast-hfb-above-header-display":"","ast-hfb-below-header-display":"","ast-hfb-mobile-header-display":"","site-post-title":"","ast-breadcrumbs-content":"","ast-featured-img":"","footer-sml-layout":"","ast-disable-related-posts":"","theme-transparent-header-meta":"default","adv-header-id-meta":"","stick-header-meta":"","header-above-stick-meta":"","header-main-stick-meta":"","header-below-stick-meta":"","astra-migrate-meta-layouts":"set","ast-page-background-enabled":"default","ast-page-background-meta":{"desktop":{"background-color":"var(--ast-global-color-5)","background-image":"","background-repeat":"repeat","background-position":"center center","background-size":"auto","background-attachment":"scroll","background-type":"","background-media":"","overlay-type":"","overlay-color":"","overlay-opacity":"","overlay-gradient":""},"tablet":{"background-color":"","background-image":"","background-repeat":"repeat","background-position":"center center","background-size":"auto","background-attachment":"scroll","background-type":"","background-media":"","overlay-type":"","overlay-color":"","overlay-opacity":"","overlay-gradient":""},"mobile":{"background-color":"","background-image":"","background-repeat":"repeat","background-position":"center center","background-size":"auto","background-attachment":"scroll","background-type":"","background-media":"","overlay-type":"","overlay-color":"","overlay-opacity":"","overlay-gradient":""}},"ast-content-background-meta":{"desktop":{"background-color":"var(--ast-global-color-4)","background-image":"","background-repeat":"repeat","background-position":"center center","background-size":"auto","background-attachment":"scroll","background-type":"","background-media":"","overlay-type":"","overlay-color":"","overlay-opacity":"","overlay-gradient":""},"tablet":{"background-color":"var(--ast-global-color-4)","background-image":"","background-repeat":"repeat","background-position":"center center","background-size":"auto","background-attachment":"scroll","background-type":"","background-media":"","overlay-type":"","overlay-color":"","overlay-opacity":"","overlay-gradient":""},"mobile":{"background-color":"var(--ast-global-color-4)","background-image":"","background-repeat":"repeat","background-position":"center center","background-size":"auto","background-attachment":"scroll","background-type":"","background-media":"","overlay-type":"","overlay-color":"","overlay-opacity":"","overlay-gradient":""}}},"product_brand":[],"product_cat":[17],"product_tag":[27],"class_list":{"0":"post-134","1":"product","2":"type-product","3":"status-publish","4":"has-post-thumbnail","6":"product_cat-baterias","7":"product_tag-36v","8":"desktop-align-left","9":"tablet-align-left","10":"mobile-align-left","12":"first","13":"instock","14":"shipping-taxable","15":"purchasable","16":"product-type-simple"},"jetpack_sharing_enabled":true,"_links":{"self":[{"href":"https:\/\/ridetow.es\/index.php?rest_route=\/wp\/v2\/product\/134","targetHints":{"allow":["GET"]}}],"collection":[{"href":"https:\/\/ridetow.es\/index.php?rest_route=\/wp\/v2\/product"}],"about":[{"href":"https:\/\/ridetow.es\/index.php?rest_route=\/wp\/v2\/types\/product"}],"replies":[{"embeddable":true,"href":"https:\/\/ridetow.es\/index.php?rest_route=%2Fwp%2Fv2%2Fcomments&post=134"}],"wp:featuredmedia":[{"embeddable":true,"href":"https:\/\/ridetow.es\/index.php?rest_route=\/wp\/v2\/media\/135"}],"wp:attachment":[{"href":"https:\/\/ridetow.es\/index.php?rest_route=%2Fwp%2Fv2%2Fmedia&parent=134"}],"wp:term":[{"taxonomy":"product_brand","embeddable":true,"href":"https:\/\/ridetow.es\/index.php?rest_route=%2Fwp%2Fv2%2Fproduct_brand&post=134"},{"taxonomy":"product_cat","embeddable":true,"href":"https:\/\/ridetow.es\/index.php?rest_route=%2Fwp%2Fv2%2Fproduct_cat&post=134"},{"taxonomy":"product_tag","embeddable":true,"href":"https:\/\/ridetow.es\/index.php?rest_route=%2Fwp%2Fv2%2Fproduct_tag&post=134"}],"curies":[{"name":"wp","href":"https:\/\/api.w.org\/{rel}","templated":true}]}}