{"id":111,"date":"2026-01-12T15:37:04","date_gmt":"2026-01-12T14:37:04","guid":{"rendered":"https:\/\/ridetow.es\/?post_type=product&#038;p=111"},"modified":"2026-02-13T02:09:06","modified_gmt":"2026-02-13T01:09:06","slug":"acelerador-de-pulgar-xiaomi-m365-pro-2","status":"publish","type":"product","link":"https:\/\/ridetow.es\/?product=acelerador-de-pulgar-xiaomi-m365-pro-2","title":{"rendered":"Acelerador de pulgar Xiaomi M365\/Pro 2"},"content":{"rendered":"<p>Acelerador de pulgar nuevo y probado, compatible con M365\/Pro2.Sustituye aceleradores defectuosos y permite un control suave y seguro del patinete.<\/p>\n<p>Beneficios:<\/p>\n<p>Instalaci\u00f3n r\u00e1pida y f\u00e1cil<\/p>\n<p>Compatible con controladoras V2\/V3<\/p>\n<p>Producto probado antes del envi\u00f3<\/p>\n<p>Env\u00edos r\u00e1pidos y seguros.<\/p>\n","protected":false},"excerpt":{"rendered":"<p>Acelerador de pulgar nuevo y probado, compatible con M365\/Pro2.Sustituye aceleradores defectuosos y permite un control suave y seguro del patinete. [&hellip;]<\/p>\n","protected":false},"featured_media":103,"comment_status":"open","ping_status":"closed","template":"","meta":{"site-sidebar-layout":"default","site-content-layout":"","ast-site-content-layout":"default","site-content-style":"default","site-sidebar-style":"default","ast-global-header-display":"","ast-banner-title-visibility":"","ast-main-header-display":"","ast-hfb-above-header-display":"","ast-hfb-below-header-display":"","ast-hfb-mobile-header-display":"","site-post-title":"","ast-breadcrumbs-content":"","ast-featured-img":"","footer-sml-layout":"","ast-disable-related-posts":"","theme-transparent-header-meta":"default","adv-header-id-meta":"","stick-header-meta":"","header-above-stick-meta":"","header-main-stick-meta":"","header-below-stick-meta":"","astra-migrate-meta-layouts":"set","ast-page-background-enabled":"default","ast-page-background-meta":{"desktop":{"background-color":"var(--ast-global-color-5)","background-image":"","background-repeat":"repeat","background-position":"center center","background-size":"auto","background-attachment":"scroll","background-type":"","background-media":"","overlay-type":"","overlay-color":"","overlay-opacity":"","overlay-gradient":""},"tablet":{"background-color":"","background-image":"","background-repeat":"repeat","background-position":"center center","background-size":"auto","background-attachment":"scroll","background-type":"","background-media":"","overlay-type":"","overlay-color":"","overlay-opacity":"","overlay-gradient":""},"mobile":{"background-color":"","background-image":"","background-repeat":"repeat","background-position":"center center","background-size":"auto","background-attachment":"scroll","background-type":"","background-media":"","overlay-type":"","overlay-color":"","overlay-opacity":"","overlay-gradient":""}},"ast-content-background-meta":{"desktop":{"background-color":"var(--ast-global-color-4)","background-image":"","background-repeat":"repeat","background-position":"center center","background-size":"auto","background-attachment":"scroll","background-type":"","background-media":"","overlay-type":"","overlay-color":"","overlay-opacity":"","overlay-gradient":""},"tablet":{"background-color":"var(--ast-global-color-4)","background-image":"","background-repeat":"repeat","background-position":"center center","background-size":"auto","background-attachment":"scroll","background-type":"","background-media":"","overlay-type":"","overlay-color":"","overlay-opacity":"","overlay-gradient":""},"mobile":{"background-color":"var(--ast-global-color-4)","background-image":"","background-repeat":"repeat","background-position":"center center","background-size":"auto","background-attachment":"scroll","background-type":"","background-media":"","overlay-type":"","overlay-color":"","overlay-opacity":"","overlay-gradient":""}}},"product_brand":[],"product_cat":[19],"product_tag":[16],"class_list":{"0":"post-111","1":"product","2":"type-product","3":"status-publish","4":"has-post-thumbnail","6":"product_cat-electronica","7":"product_tag-xiaiomi","8":"desktop-align-left","9":"tablet-align-left","10":"mobile-align-left","12":"first","13":"instock","14":"shipping-taxable","15":"purchasable","16":"product-type-simple"},"jetpack_sharing_enabled":true,"_links":{"self":[{"href":"https:\/\/ridetow.es\/index.php?rest_route=\/wp\/v2\/product\/111","targetHints":{"allow":["GET"]}}],"collection":[{"href":"https:\/\/ridetow.es\/index.php?rest_route=\/wp\/v2\/product"}],"about":[{"href":"https:\/\/ridetow.es\/index.php?rest_route=\/wp\/v2\/types\/product"}],"replies":[{"embeddable":true,"href":"https:\/\/ridetow.es\/index.php?rest_route=%2Fwp%2Fv2%2Fcomments&post=111"}],"wp:featuredmedia":[{"embeddable":true,"href":"https:\/\/ridetow.es\/index.php?rest_route=\/wp\/v2\/media\/103"}],"wp:attachment":[{"href":"https:\/\/ridetow.es\/index.php?rest_route=%2Fwp%2Fv2%2Fmedia&parent=111"}],"wp:term":[{"taxonomy":"product_brand","embeddable":true,"href":"https:\/\/ridetow.es\/index.php?rest_route=%2Fwp%2Fv2%2Fproduct_brand&post=111"},{"taxonomy":"product_cat","embeddable":true,"href":"https:\/\/ridetow.es\/index.php?rest_route=%2Fwp%2Fv2%2Fproduct_cat&post=111"},{"taxonomy":"product_tag","embeddable":true,"href":"https:\/\/ridetow.es\/index.php?rest_route=%2Fwp%2Fv2%2Fproduct_tag&post=111"}],"curies":[{"name":"wp","href":"https:\/\/api.w.org\/{rel}","templated":true}]}}